{"id":92,"date":"2017-09-19T06:21:49","date_gmt":"2017-09-19T06:21:49","guid":{"rendered":"http:\/\/www.marlenhealthcare.eu\/de\/?page_id=92"},"modified":"2019-05-08T14:04:31","modified_gmt":"2019-05-08T14:04:31","slug":"uber-uns","status":"publish","type":"page","link":"http:\/\/www.marlenhealthcare.eu\/de\/uber-uns\/","title":{"rendered":"\u00dcber uns"},"content":{"rendered":"\n[et_pb_section fb_built=&#8221;1&#8243; custom_padding_last_edited=&#8221;on|tablet&#8221; _builder_version=&#8221;3.0.75&#8243; custom_margin=&#8221;||0px|&#8221; custom_margin_last_edited=&#8221;on|&#8221; custom_padding=&#8221;0px|||&#8221; custom_padding_phone=&#8221;0px||0px|&#8221; global_module=&#8221;182&#8243;][et_pb_row custom_padding=&#8221;20px|||&#8221; padding_3_phone=&#8221;0px|||&#8221; padding_3_last_edited=&#8221;on|tablet&#8221; _builder_version=&#8221;3.22.3&#8243; background_size=&#8221;initial&#8221; background_position=&#8221;top_left&#8221; background_repeat=&#8221;repeat&#8221; module_alignment=&#8221;center&#8221;][et_pb_column type=&#8221;1_3&#8243; _builder_version=&#8221;3.0.47&#8243;][et_pb_image src=&#8221;http:\/\/www.marlenhealthcare.eu\/de\/wp-content\/uploads\/2017\/09\/Marlen-logo.png&#8221; url=&#8221;http:\/\/www.marlenhealthcare.eu\/de\/&#8221; show_bottom_space=&#8221;off&#8221; admin_label=&#8221;Marlen Logo&#8221; module_class=&#8221;et_animated et_animated et_animated&#8221; _builder_version=&#8221;3.0.87&#8243; custom_margin=&#8221;|||&#8221; custom_margin_phone=&#8221;||0px|&#8221; custom_margin_last_edited=&#8221;on|phone&#8221; custom_padding=&#8221;0px||20px|&#8221; custom_padding_phone=&#8221;0px||0px|&#8221; custom_padding_last_edited=&#8221;on|phone&#8221; animation_style=&#8221;fade&#8221; border_style=&#8221;solid&#8221;][\/et_pb_image][\/et_pb_column][et_pb_column type=&#8221;1_3&#8243; _builder_version=&#8221;3.0.47&#8243;][et_pb_text module_id=&#8221;phonenumber&#8221; module_class=&#8221;et_animated et_animated et_animated&#8221; _builder_version=&#8221;3.0.94&#8243; text_font=&#8221;Play|on|||&#8221; text_text_color=&#8221;#2d67b2&#8243; text_font_size=&#8221;22&#8243; header_text_align=&#8221;center&#8221; text_orientation=&#8221;center&#8221; module_alignment=&#8221;right&#8221; custom_margin=&#8221;|||&#8221; custom_padding=&#8221;30px|||&#8221; custom_padding_phone=&#8221;0px|||&#8221; custom_padding_last_edited=&#8221;on|tablet&#8221; animation_style=&#8221;fade&#8221;]<p style=\"text-align: right;\">+31 (0)344 606912<\/p>[\/et_pb_text][\/et_pb_column][et_pb_column type=&#8221;1_3&#8243; _builder_version=&#8221;3.0.47&#8243;][et_pb_button button_url=&#8221;http:\/\/www.marlenhealthcare.eu\/de\/request-a-sample\/&#8221; button_text=&#8221;REQUEST A SAMPLE&#8221; button_alignment=&#8221;center&#8221; admin_label=&#8221;Request A Sample Button&#8221; _builder_version=&#8221;3.16&#8243; custom_button=&#8221;on&#8221; button_text_size=&#8221;18&#8243; button_text_color=&#8221;#2d67b2&#8243; button_bg_color=&#8221;#ffffff&#8221; button_border_color=&#8221;#2d67b2&#8243; button_use_icon=&#8221;off&#8221; custom_margin=&#8221;20px||20px|&#8221; custom_margin_phone=&#8221;0px||0px|&#8221; custom_margin_last_edited=&#8221;on|desktop&#8221; custom_padding=&#8221;|||&#8221; button_text_color_hover=&#8221;#ffffff&#8221; button_bg_color_hover=&#8221;#2d67b2&#8243; saved_tabs=&#8221;all&#8221; button_text_size__hover_enabled=&#8221;off&#8221; button_one_text_size__hover_enabled=&#8221;off&#8221; button_two_text_size__hover_enabled=&#8221;off&#8221; button_text_color__hover_enabled=&#8221;on&#8221; button_text_color__hover=&#8221;#ffffff&#8221; button_one_text_color__hover_enabled=&#8221;off&#8221; button_two_text_color__hover_enabled=&#8221;off&#8221; button_border_width__hover_enabled=&#8221;off&#8221; button_one_border_width__hover_enabled=&#8221;off&#8221; button_two_border_width__hover_enabled=&#8221;off&#8221; button_border_color__hover_enabled=&#8221;off&#8221; button_one_border_color__hover_enabled=&#8221;off&#8221; button_two_border_color__hover_enabled=&#8221;off&#8221; button_border_radius__hover_enabled=&#8221;off&#8221; button_one_border_radius__hover_enabled=&#8221;off&#8221; button_two_border_radius__hover_enabled=&#8221;off&#8221; button_letter_spacing__hover_enabled=&#8221;off&#8221; button_one_letter_spacing__hover_enabled=&#8221;off&#8221; button_two_letter_spacing__hover_enabled=&#8221;off&#8221; button_bg_color__hover_enabled=&#8221;on&#8221; button_bg_color__hover=&#8221;#2d67b2&#8243; button_one_bg_color__hover_enabled=&#8221;off&#8221; button_two_bg_color__hover_enabled=&#8221;off&#8221;][\/et_pb_button][\/et_pb_column][\/et_pb_row][\/et_pb_section][et_pb_section fb_built=&#8221;1&#8243; fullwidth=&#8221;on&#8221; _builder_version=&#8221;3.0.78&#8243; global_module=&#8221;183&#8243;][et_pb_fullwidth_menu menu_id=&#8221;2&#8243; submenu_direction=&#8221;downwards&#8221; fullwidth_menu=&#8221;on&#8221; dropdown_menu_bg_color=&#8221;#333333&#8243; dropdown_menu_text_color=&#8221;#ffffff&#8221; admin_label=&#8221;Fullwidth Main Menu&#8221; _builder_version=&#8221;3.0.78&#8243; menu_font=&#8221;Play||||&#8221; menu_font_size=&#8221;18px&#8221; text_orientation=&#8221;center&#8221; custom_margin=&#8221;|||&#8221; custom_padding=&#8221;|||&#8221; custom_css_main_element=&#8221;border-top: solid 1px #999999;||border-bottom: solid 1px #999999;||height:40px;&#8221;][\/et_pb_fullwidth_menu][\/et_pb_section][et_pb_section fb_built=&#8221;1&#8243; _builder_version=&#8221;3.22.3&#8243; background_color=&#8221;#999999&#8243; custom_margin=&#8221;40px||0px|&#8221; custom_padding=&#8221;0px||0px|&#8221;][et_pb_row custom_padding=&#8221;8px||0px|&#8221; _builder_version=&#8221;3.22.3&#8243;][et_pb_column type=&#8221;4_4&#8243; _builder_version=&#8221;3.0.47&#8243;][et_pb_text admin_label=&#8221;About Us Page Title&#8221; _builder_version=&#8221;3.0.89&#8243; background_layout=&#8221;dark&#8221; border_style=&#8221;solid&#8221;]<h1>\u00dcber uns<\/h1>[\/et_pb_text][\/et_pb_column][\/et_pb_row][\/et_pb_section][et_pb_section fb_built=&#8221;1&#8243; _builder_version=&#8221;3.22.3&#8243; custom_padding=&#8221;20px|||&#8221;][et_pb_row _builder_version=&#8221;3.22.7&#8243; background_size=&#8221;initial&#8221; background_position=&#8221;top_left&#8221; background_repeat=&#8221;repeat&#8221; min_height=&#8221;725px&#8221;][et_pb_column type=&#8221;4_4&#8243; _builder_version=&#8221;3.0.47&#8243;][et_pb_text _builder_version=&#8221;3.0.94&#8243; custom_padding=&#8221;|||0px||&#8221;]<p><span style=\"color: #000000;\"><img loading=\"lazy\" class=\"about-image alignright wp-image-905 size-full\" src=\"http:\/\/www.marlenhealthcare.eu\/de\/wp-content\/uploads\/about-photo.jpg\" alt=\"\" width=\"500\" height=\"333\" \/>Marlen wurde in 1952 gegr\u00fcndet und ist damit der \u00e4lteste der urspr\u00fcnglichen Hersteller von Stomaprodukten in den USA. Bei Marlen finden die Kunden das umfassendste Angebot und die innovativsten Produkte.<\/span><\/p>\n<p><span style=\"color: #000000;\">Als Pionier in der Stomaversorgung zeichnet Marlen f\u00fcr folgende Neuentwicklungen verantwortlich:<\/span><\/p>\n<ul>\n<li><span style=\"color: #000000;\">Post-OP-Beutel<\/span><\/li>\n<li><span style=\"color: #000000;\">Post-OP-Beutel<\/span><\/li>\n<li><span style=\"color: #000000;\">Leichte und geruchsfeste Stomabeutel<\/span><\/li>\n<li><span style=\"color: #000000;\">Gew\u00f6lbte Hautschutzplatten f\u00fcr ebene Fl\u00e4chen<\/span><\/li>\n<li><span style=\"color: #000000;\">Doppelseitige Klebeplatten<\/span><\/li>\n<li><span style=\"color: #000000;\">Hautschutzringe aus Karaya<\/span><\/li>\n<\/ul>\n<p><span style=\"color: #000000;\">Abgesehen von den vielen herk\u00f6mmlichen, wiederverwendbaren Produkten pr\u00e4sentierte Marlen in 1986 als erster Hersteller seine einteiligen konvexen ULTRA\u2122-Einteiligerbeutel f\u00fcr Ileostomie, Kolostomie und Urostomie. Die ULTRA-Produkte sind f\u00fcr flache, leicht gew\u00f6lbte und starker gew\u00f6lbte Hautfl\u00e4chen erh\u00e4ltlich und damit die erste wirklich flexible Konvex-L\u00f6sung auf dem Markt.<\/span><\/p>\n<p><span style=\"color: #000000;\">Sp\u00e4ter wurde die ULTRA-Linie um neue Formen und zus\u00e4tzliche Barriere-Optionen erweitert. So entstand die Linie UltraLite f\u00fcr Kolo-, Ileo- und Urobeutel.<\/span><\/p>\n<p><span style=\"color: #000000;\">Eine weitere Neuerung waren die einteiligen UltraMax\u2122-Produkte. F\u00fcr die flexiblen Beutel aus hautfreundlichem Material gibt es verschiedene Flansch-Optionen f\u00fcr flache, leicht gew\u00f6lbte und starker gew\u00f6lbte Hautpartien. Erh\u00e4ltlich sind sie als ausschneidbare Variante sowie in vielen vorgestanzten Lochgr\u00f6\u00dfen. Neu bei dieser Linie war auch Kwick-View\u2122, eine Vorrichtung, die einen schnellen und diskreten Blick in den Beutel erm\u00f6glicht. Der k\u00fcrzlich vorgestellte UltraMax\u2122 Ileo Medium\u2122 verf\u00fcgt \u00fcber alle Funktionen der UltraMax\u2122-Ileobeutel, ist aber um 30 % kleiner. Die Linie SuperFlat\u2122 ist in den Ausf\u00fchrungen Kolo, Ileo, Uro und MiniMax\u2122 erh\u00e4ltlich und \u00fcberzeugt durch die extrem d\u00fcnnen Beutel. Unsere aktuellste Neuerung sind die UltraMax\u2122-Beutel mit starker W\u00f6lbung. Die Stomaplatte ist bei diesen nicht rund, sondern blumenf\u00f6rmig. So liegt sie besser auf der Haut und sorgt f\u00fcr mehr Sicherheit.<\/span><\/p>\n<p><span style=\"color: #000000;\">Das UltraMax\u2122 GEMINI\u2122-System umfasst zweiteilige Produkte f\u00fcr Kolo-, Ileo- und Urostoma mit plan oder gew\u00f6lbten Hautschutzplatten. Die bew\u00e4hrte AquaTack-Technik sorgt bei diesem System f\u00fcr Sicherheit und Selbstvertrauen. Die Befestigung ist dank dem EZ-Guide-Lokalisierungssystem denkbar einfach.<\/span><\/p>\n<p><span style=\"color: #000000;\">Neu sind auch Kwick-Klose\u2122 (ein innovatives Verfahren zum Aufrollen des Ileobeutels) und MaxSeal\u2122 (ein extrem flexibler Hautschutzring mit hervorragender Feuchtigkeitsaufnahme). Selbstverst\u00e4ndlich arbeiten wir auch in Zukunft an neuen Entwicklungen, um allen Anforderungen von Stomapatienten gerecht werden zu k\u00f6nnen.<\/span><\/p>[\/et_pb_text][\/et_pb_column][\/et_pb_row][\/et_pb_section][et_pb_section fb_built=&#8221;1&#8243; module_id=&#8221;marlenfooter&#8221; _builder_version=&#8221;3.0.78&#8243; background_color=&#8221;#000000&#8243; custom_margin=&#8221;|||&#8221; custom_padding=&#8221;25px||25px|&#8221; global_module=&#8221;638&#8243;][et_pb_row use_custom_gutter=&#8221;on&#8221; gutter_width=&#8221;1&#8243; module_class=&#8221;et_animated&#8221; _builder_version=&#8221;3.22.3&#8243; max_width=&#8221;1252px&#8221; module_alignment=&#8221;center&#8221; animation_style=&#8221;fade&#8221; use_custom_width=&#8221;on&#8221; custom_width_px=&#8221;1252px&#8221;][et_pb_column type=&#8221;1_4&#8243; _builder_version=&#8221;3.0.47&#8243;][et_pb_text admin_label=&#8221;Contact Info&#8221; _builder_version=&#8221;3.0.94&#8243; text_font=&#8221;Play||||&#8221; text_text_color=&#8221;#ffffff&#8221; text_font_size=&#8221;18&#8243; text_line_height=&#8221;1.3em&#8221; custom_padding=&#8221;||30px|&#8221;]<p><img loading=\"lazy\" class=\"alignnone size-full wp-image-200\" src=\"http:\/\/www.marlenhealthcare.eu\/de\/wp-content\/uploads\/2017\/09\/Marlen-logo-reverse.png\" alt=\"\" width=\"254\" height=\"76\" \/><\/p>\n<p><strong>Marlen International Healthcare BV<\/strong><br \/> De Prinsenhof 1.04 &#8211; 4004 LN Tiel<br \/> Netherlands<br \/> Phone: +31 (0)344 606912<br \/> <script language=\"JavaScript\">\n<!--\nvar linkname = \"E-mail Marlen International\";\nvar name = \"Europe\";\nvar domain = \"marlenhealthcare.eu\";\ndocument.write('<a href=\\\"mailto:' + name + '@' + domain + '\\\">');\ndocument.write(linkname + '<\/a>');\n\/\/ -->\n<\/script><\/p>\n<p><span style=\"font-size: 16px;\"><strong>Corporate Office:<br \/> Marlen Manufacturing &amp; Development Co.<\/strong><br \/> 5150 Richmond Road<br \/> Bedford, Ohio 44146\u00a0<\/span><span style=\"font-size: 16px;\">USA<br \/> Phone: 216.292.7060<br \/> Fax: 216.292.9196<br \/> <script language=\"JavaScript\">\n<!--\nvar linkname = \"E-mail Marlen Corporate\";\nvar name = \"info\";\nvar domain = \"marlenmfg.com\";\ndocument.write('<a href=\\\"mailto:' + name + '@' + domain + '\\\">');\ndocument.write(linkname + '<\/a>');\n\/\/ -->\n<\/script><\/span><\/p>[\/et_pb_text][\/et_pb_column][et_pb_column type=&#8221;1_4&#8243; _builder_version=&#8221;3.0.47&#8243;][et_pb_text admin_label=&#8221;Other Locations&#8221; _builder_version=&#8221;3.0.87&#8243; text_text_color=&#8221;#ffffff&#8221; custom_padding=&#8221;||30px|&#8221; border_style=&#8221;solid&#8221;]<p style=\"text-align: center;\">Other Marlen Locations:<\/p>\n<p style=\"text-align: center;\"><a href=\"http:\/\/marlenmfg.com\/\" target=\"_blank\" rel=\"noopener noreferrer\"><img loading=\"lazy\" class=\"aligncenter wp-image-203 size-full\" src=\"http:\/\/www.marlenhealthcare.eu\/de\/wp-content\/uploads\/2017\/09\/flag-us.png\" alt=\"\" width=\"88\" height=\"46\" \/><\/a><br \/> <a href=\"https:\/\/www.marlencanada.ca\/\" target=\"_blank\" rel=\"noopener noreferrer\"><img loading=\"lazy\" class=\"aligncenter wp-image-204 size-full\" src=\"http:\/\/www.marlenhealthcare.eu\/de\/wp-content\/uploads\/2017\/09\/flag-canada.png\" alt=\"\" width=\"89\" height=\"44\" \/><\/a><br \/> <a href=\"https:\/\/www.marlenhealthcare.co.uk\/\" target=\"_blank\" rel=\"noopener noreferrer\"><img loading=\"lazy\" class=\"aligncenter wp-image-205 size-full\" src=\"http:\/\/www.marlenhealthcare.eu\/de\/wp-content\/uploads\/2017\/09\/flag-uk.png\" alt=\"\" width=\"90\" height=\"45\" \/><\/a><br \/> <a href=\"http:\/\/www.solve-net.com\/EN\/EN_MakerBusiness\/EN_Goods_Marlen.html\" target=\"_blank\" rel=\"noopener noreferrer\"><img loading=\"lazy\" class=\"aligncenter wp-image-206 size-full\" src=\"http:\/\/www.marlenhealthcare.eu\/de\/wp-content\/uploads\/2017\/09\/flag-japan.png\" alt=\"\" width=\"88\" height=\"46\" \/><\/a><\/p>[\/et_pb_text][\/et_pb_column][et_pb_column type=&#8221;1_4&#8243; _builder_version=&#8221;3.0.47&#8243;][et_pb_text admin_label=&#8221;Menu Links&#8221; module_class=&#8221;footer-links&#8221; _builder_version=&#8221;3.0.94&#8243; text_text_color=&#8221;#ffffff&#8221; max_width=&#8221;68%&#8221; module_alignment=&#8221;center&#8221; custom_padding=&#8221;||30px|&#8221;]<p><strong>PRODUCTS<\/strong><br \/> <a href=\"http:\/\/www.marlenhealthcare.eu\/de\/colostomy-pouches\/\">Colostomy Pouches<\/a><br \/> <a href=\"http:\/\/www.marlenhealthcare.eu\/de\/ileo-pouches\/\">Ileostomy Pouches<\/a><br \/> <a href=\"http:\/\/www.marlenhealthcare.eu\/de\/uro-pouches\/\">Urostomy Pouches<\/a><br \/> <a href=\"http:\/\/www.marlenhealthcare.eu\/de\/accessories\/\">Accessories<\/a><\/p>\n<p><a href=\"http:\/\/www.marlenhealthcare.eu\/de\/about-us\/\">About Us<\/a><br \/> <a href=\"http:\/\/www.marlenhealthcare.eu\/de\/contact\/\">Contact<\/a><br \/> <a href=\"http:\/\/www.marlenhealthcare.eu\/de\/\">Home<\/a><\/p>[\/et_pb_text][\/et_pb_column][et_pb_column type=&#8221;1_4&#8243; _builder_version=&#8221;3.0.47&#8243;][et_pb_button button_url=&#8221;http:\/\/www.marlenhealthcare.eu\/de\/request-a-sample\/&#8221; button_text=&#8221;REQUEST A SAMPLE&#8221; button_alignment=&#8221;center&#8221; admin_label=&#8221;Request A Sample Button&#8221; _builder_version=&#8221;3.16&#8243; custom_button=&#8221;on&#8221; button_text_size=&#8221;18&#8243; button_text_color=&#8221;#2d67b2&#8243; button_bg_color=&#8221;#ffffff&#8221; button_border_color=&#8221;#2d67b2&#8243; button_use_icon=&#8221;off&#8221; custom_margin=&#8221;||50px|&#8221; custom_padding=&#8221;|||&#8221; button_text_color_hover=&#8221;#ffffff&#8221; button_bg_color_hover=&#8221;#2d67b2&#8243; button_text_size__hover_enabled=&#8221;off&#8221; button_one_text_size__hover_enabled=&#8221;off&#8221; button_two_text_size__hover_enabled=&#8221;off&#8221; button_text_color__hover_enabled=&#8221;on&#8221; button_text_color__hover=&#8221;#ffffff&#8221; button_one_text_color__hover_enabled=&#8221;off&#8221; button_two_text_color__hover_enabled=&#8221;off&#8221; button_border_width__hover_enabled=&#8221;off&#8221; button_one_border_width__hover_enabled=&#8221;off&#8221; button_two_border_width__hover_enabled=&#8221;off&#8221; button_border_color__hover_enabled=&#8221;off&#8221; button_one_border_color__hover_enabled=&#8221;off&#8221; button_two_border_color__hover_enabled=&#8221;off&#8221; button_border_radius__hover_enabled=&#8221;off&#8221; button_one_border_radius__hover_enabled=&#8221;off&#8221; button_two_border_radius__hover_enabled=&#8221;off&#8221; button_letter_spacing__hover_enabled=&#8221;off&#8221; button_one_letter_spacing__hover_enabled=&#8221;off&#8221; button_two_letter_spacing__hover_enabled=&#8221;off&#8221; button_bg_color__hover_enabled=&#8221;on&#8221; button_bg_color__hover=&#8221;#2d67b2&#8243; button_one_bg_color__hover_enabled=&#8221;off&#8221; button_two_bg_color__hover_enabled=&#8221;off&#8221;][\/et_pb_button][et_pb_text _builder_version=&#8221;3.0.75&#8243;]<p><a href=\"http:\/\/www.ostomy.org\/Home.html\" target=\"_blank\" rel=\"noopener noreferrer\"><img loading=\"lazy\" class=\"aligncenter wp-image-210 size-full\" src=\"http:\/\/www.marlenhealthcare.eu\/de\/wp-content\/uploads\/2017\/09\/uoaa-logo.png\" alt=\"\" width=\"147\" height=\"70\" \/><\/a><\/p>\n<p style=\"text-align: center;\"><a href=\"https:\/\/www.wocn.org\/\" target=\"_blank\" rel=\"noopener noreferrer\"><img loading=\"lazy\" class=\"alignnone wp-image-211 size-full\" src=\"http:\/\/www.marlenhealthcare.eu\/de\/wp-content\/uploads\/2017\/09\/wocn-logo.png\" alt=\"\" width=\"123\" height=\"76\" \/><\/a><\/p>[\/et_pb_text][\/et_pb_column][\/et_pb_row][\/et_pb_section]\n","protected":false},"excerpt":{"rendered":"","protected":false},"author":1,"featured_media":0,"parent":0,"menu_order":0,"comment_status":"closed","ping_status":"closed","template":"","meta":{"_et_pb_use_builder":"on","_et_pb_old_content":"","_et_gb_content_width":""},"_links":{"self":[{"href":"http:\/\/www.marlenhealthcare.eu\/de\/wp-json\/wp\/v2\/pages\/92"}],"collection":[{"href":"http:\/\/www.marlenhealthcare.eu\/de\/wp-json\/wp\/v2\/pages"}],"about":[{"href":"http:\/\/www.marlenhealthcare.eu\/de\/wp-json\/wp\/v2\/types\/page"}],"author":[{"embeddable":true,"href":"http:\/\/www.marlenhealthcare.eu\/de\/wp-json\/wp\/v2\/users\/1"}],"replies":[{"embeddable":true,"href":"http:\/\/www.marlenhealthcare.eu\/de\/wp-json\/wp\/v2\/comments?post=92"}],"version-history":[{"count":25,"href":"http:\/\/www.marlenhealthcare.eu\/de\/wp-json\/wp\/v2\/pages\/92\/revisions"}],"predecessor-version":[{"id":1246,"href":"http:\/\/www.marlenhealthcare.eu\/de\/wp-json\/wp\/v2\/pages\/92\/revisions\/1246"}],"wp:attachment":[{"href":"http:\/\/www.marlenhealthcare.eu\/de\/wp-json\/wp\/v2\/media?parent=92"}],"curies":[{"name":"wp","href":"https:\/\/api.w.org\/{rel}","templated":true}]}}